{"id":179,"date":"2021-06-01T09:56:44","date_gmt":"2021-06-01T07:56:44","guid":{"rendered":"https:\/\/www.copy44.ch\/?page_id=179"},"modified":"2021-10-12T17:14:00","modified_gmt":"2021-10-12T15:14:00","slug":"weiterverarbeitung","status":"publish","type":"page","link":"https:\/\/www.copy44.ch\/index.php\/weiterverarbeitung\/","title":{"rendered":"Weiterverarbeitung"},"content":{"rendered":"<p>[et_pb_section fb_built=&#8220;1&#8243; admin_label=&#8220;Hero&#8220; _builder_version=&#8220;4.6.1&#8243; background_enable_color=&#8220;off&#8220; background_image=&#8220;https:\/\/www.copy44.ch\/wp-content\/uploads\/2021\/10\/AdobeStock_48596378_low.jpg&#8220; height=&#8220;300px&#8220; custom_padding=&#8220;||0px|||&#8220; hover_enabled=&#8220;0&#8243; alt=&#8220;Weiterverarbeitung&#8220; title_text=&#8220;Weiterverarbeitung&#8220; sticky_enabled=&#8220;0&#8243;][et_pb_row _builder_version=&#8220;4.6.1&#8243; background_size=&#8220;initial&#8220; background_position=&#8220;top_left&#8220; background_repeat=&#8220;repeat&#8220; custom_padding=&#8220;|||&#8220; animation_direction=&#8220;top&#8220;][et_pb_column type=&#8220;4_4&#8243; _builder_version=&#8220;3.25&#8243; custom_padding=&#8220;|||&#8220; custom_padding__hover=&#8220;|||&#8220;][et_pb_text _builder_version=&#8220;4.6.1&#8243; text_font=&#8220;||||||||&#8220; header_font=&#8220;Montserrat|700||on|||||dotted&#8220; header_text_color=&#8220;#353740&#8243; header_font_size=&#8220;60px&#8220; header_line_height=&#8220;1.3em&#8220; header_4_font=&#8220;Montserrat||||||||&#8220; header_4_text_color=&#8220;#ffffff&#8220; header_4_line_height=&#8220;1.8em&#8220; background_size=&#8220;initial&#8220; background_position=&#8220;top_left&#8220; background_repeat=&#8220;repeat&#8220; custom_margin=&#8220;|||&#8220; header_font_size_last_edited=&#8220;off|desktop&#8220; locked=&#8220;off&#8220;]<\/p>\n<h1><\/h1>\n<p><span style=\"color: #ffffff;\"><\/span><\/p>\n<p>[\/et_pb_text][et_pb_divider show_divider=&#8220;off&#8220; disabled_on=&#8220;on|on|off%22&#8243; _builder_version=&#8220;3.2&#8243; max_width=&#8220;120px&#8220; animation_style=&#8220;slide&#8220; animation_direction=&#8220;top&#8220; animation_intensity_slide=&#8220;30%&#8220;][\/et_pb_divider][\/et_pb_column][\/et_pb_row][\/et_pb_section][et_pb_section fb_built=&#8220;1&#8243; admin_label=&#8220;Projects Section&#8220; _builder_version=&#8220;3.22&#8243; custom_margin=&#8220;|||&#8220; custom_padding=&#8220;50px||110px|||&#8220;][et_pb_row column_structure=&#8220;1_2,1_2&#8243; admin_label=&#8220;Project 01&#8243; _builder_version=&#8220;3.25&#8243; background_size=&#8220;initial&#8220; background_position=&#8220;top_left&#8220; background_repeat=&#8220;repeat&#8220; custom_padding=&#8220;||0px|||&#8220;][et_pb_column type=&#8220;1_2&#8243; _builder_version=&#8220;3.25&#8243; custom_padding=&#8220;5%||5%|&#8220; custom_padding__hover=&#8220;|||&#8220;][et_pb_blurb title=&#8220;Schneiden&#8220; _builder_version=&#8220;4.6.1&#8243; header_font=&#8220;Montserrat|on|||&#8220; header_text_color=&#8220;#353740&#8243; header_font_size=&#8220;22px&#8220; header_line_height=&#8220;1.4em&#8220; body_font=&#8220;Montserrat||||&#8220; body_text_color=&#8220;#747d88&#8243; body_line_height=&#8220;1.8em&#8220; custom_margin=&#8220;-45px|||-29px||&#8220; custom_padding=&#8220;30px|30px|30px|30px&#8220; border_width_all=&#8220;0px&#8220; border_color_all=&#8220;#dddddd&#8220; border_style_all=&#8220;solid&#8220; use_border_color=&#8220;on&#8220; border_color=&#8220;#dddddd&#8220;]<\/p>\n<div class=\"clearfix\">\n<p><span>Einen Stapel vom A3- auf das A4-Format zu schneiden, kann m\u00fchsam sein \u2013 aber nicht f\u00fcr Sie. Schliesslich sind wir hierf\u00fcr ausger\u00fcstet und k\u00f6nnen gr\u00f6sste Mengen auf das kleinste Format schneiden! Das Schneiden geschieht selbstverst\u00e4ndlich ohne Einbussen in Bezug auf Qualit\u00e4t und Pr\u00e4zision!<\/span><\/p>\n<\/div>\n<p>[\/et_pb_blurb][\/et_pb_column][et_pb_column type=&#8220;1_2&#8243; _builder_version=&#8220;3.25&#8243; custom_padding=&#8220;|||&#8220; custom_padding__hover=&#8220;|||&#8220;][et_pb_image src=&#8220;https:\/\/www.copy44.ch\/wp-content\/uploads\/2021\/07\/07-10-Schneiden.jpg&#8220; alt=&#8220;Schneiden&#8220; title_text=&#8220;Schneiden&#8220; align_tablet=&#8220;center&#8220; align_phone=&#8220;&#8220; align_last_edited=&#8220;on|desktop&#8220; _builder_version=&#8220;4.6.1&#8243; custom_padding=&#8220;41px|||||&#8220; animation_direction=&#8220;right&#8220;][\/et_pb_image][\/et_pb_column][\/et_pb_row][et_pb_row column_structure=&#8220;1_2,1_2&#8243; admin_label=&#8220;Project 01&#8243; _builder_version=&#8220;3.25&#8243; background_size=&#8220;initial&#8220; background_position=&#8220;top_left&#8220; background_repeat=&#8220;repeat&#8220; custom_margin=&#8220;|auto|-2px|auto||&#8220; custom_padding=&#8220;||0px|||&#8220;][et_pb_column type=&#8220;1_2&#8243; _builder_version=&#8220;3.25&#8243; custom_padding=&#8220;5%||5%|&#8220; custom_padding__hover=&#8220;|||&#8220;][et_pb_blurb title=&#8220;Falzen&#8220; _builder_version=&#8220;4.6.1&#8243; header_font=&#8220;Montserrat|on|||&#8220; header_text_color=&#8220;#353740&#8243; header_font_size=&#8220;22px&#8220; header_line_height=&#8220;1.4em&#8220; body_font=&#8220;Montserrat||||&#8220; body_text_color=&#8220;#747d88&#8243; body_line_height=&#8220;1.8em&#8220; custom_margin=&#8220;-45px|||-29px||&#8220; custom_padding=&#8220;30px|30px|30px|30px&#8220; border_width_all=&#8220;0px&#8220; border_color_all=&#8220;#dddddd&#8220; border_style_all=&#8220;solid&#8220; use_border_color=&#8220;on&#8220; border_color=&#8220;#dddddd&#8220;]<\/p>\n<div class=\"clearfix\">\n<p><strong>Einfacher Falz<\/strong><br \/>Ein Blatt wird gefalzt \u2013 entweder auf die H\u00e4lfte oder asymmetrisch.<\/p>\n<p><strong>Z-Falz (Zick-Zack)<\/strong><br \/> Beim Z-Falz wird das Druckprodukt in drei gleich lange Bereiche aufgeteilt. Es entstehen somit insgesamt sechs Seiten (auf Vorder- und R\u00fcckseite), welche identische Abmessungen haben.<\/p>\n<p><strong>Wickelfalz<\/strong><br \/> Der Wickelfalz umfasst ebenfalls sechs Seiten \u2013 die Seitengr\u00f6ssen sind jedoch unterschiedlich. Bei einem A4 empfehlen wir beispielsweise folgende Einteilung: 100, 100 und 97 mm. Das Endprodukt hat eine Gr\u00f6sse von 100 x 210 mm, die k\u00fcrzeste Seite wird nach innen gefaltet.<\/p>\n<p><strong>Fensterfalz<\/strong><br \/> Beim Fensterfalz werden links und rechts zwei Klappen auf die gleiche Seite gefalzt. Es entsteht eine Art Fenster. Das Blatt umfasst wiederum sechs Seiten, wobei die zwei \u00e4usseren halb so gross sind wie die mittlere.<\/p>\n<\/div>\n<p>[\/et_pb_blurb][\/et_pb_column][et_pb_column type=&#8220;1_2&#8243; _builder_version=&#8220;3.25&#8243; custom_padding=&#8220;|||&#8220; custom_padding__hover=&#8220;|||&#8220;][et_pb_image src=&#8220;https:\/\/www.copy44.ch\/wp-content\/uploads\/2021\/07\/07-20-Einfacher-Falz.jpg&#8220; alt=&#8220;Falzen&#8220; title_text=&#8220;Falzen&#8220; align_tablet=&#8220;center&#8220; align_phone=&#8220;&#8220; align_last_edited=&#8220;on|desktop&#8220; _builder_version=&#8220;4.6.1&#8243; custom_padding=&#8220;41px|||||&#8220; animation_direction=&#8220;right&#8220;][\/et_pb_image][\/et_pb_column][\/et_pb_row][et_pb_row column_structure=&#8220;1_2,1_2&#8243; admin_label=&#8220;Project 01&#8243; _builder_version=&#8220;3.25&#8243; background_size=&#8220;initial&#8220; background_position=&#8220;top_left&#8220; background_repeat=&#8220;repeat&#8220; custom_margin=&#8220;-59px|auto||auto||&#8220; custom_padding=&#8220;||0px|||&#8220;][et_pb_column type=&#8220;1_2&#8243; _builder_version=&#8220;3.25&#8243; custom_padding=&#8220;5%||5%|&#8220; custom_padding__hover=&#8220;|||&#8220;][et_pb_blurb title=&#8220;Rillen&#8220; _builder_version=&#8220;4.6.1&#8243; header_font=&#8220;Montserrat|on|||&#8220; header_text_color=&#8220;#353740&#8243; header_font_size=&#8220;22px&#8220; header_line_height=&#8220;1.4em&#8220; body_font=&#8220;Montserrat||||&#8220; body_text_color=&#8220;#747d88&#8243; body_line_height=&#8220;1.8em&#8220; custom_margin=&#8220;-45px|||-29px||&#8220; custom_padding=&#8220;30px|30px|30px|30px&#8220; border_width_all=&#8220;0px&#8220; border_color_all=&#8220;#dddddd&#8220; border_style_all=&#8220;solid&#8220; use_border_color=&#8220;on&#8220; border_color=&#8220;#dddddd&#8220;]<\/p>\n<div class=\"clearfix\">\n<p><span>Durch den Rill entsteht eine klare, gerade Kante, an welcher das Druckprodukt gefalzt werden kann. F\u00fcr Papier \u00fcber 160 gm2 empfehlen wir das Rillen.<\/span><\/p>\n<\/div>\n<p>[\/et_pb_blurb][\/et_pb_column][et_pb_column type=&#8220;1_2&#8243; _builder_version=&#8220;3.25&#8243; custom_padding=&#8220;|||&#8220; custom_padding__hover=&#8220;|||&#8220;][et_pb_image src=&#8220;https:\/\/www.copy44.ch\/wp-content\/uploads\/2021\/07\/07-30-Rillen.jpg&#8220; alt=&#8220;Rillen&#8220; title_text=&#8220;Rillen&#8220; align_tablet=&#8220;center&#8220; align_phone=&#8220;&#8220; align_last_edited=&#8220;on|desktop&#8220; _builder_version=&#8220;4.6.1&#8243; custom_padding=&#8220;41px|||||&#8220; animation_direction=&#8220;right&#8220;][\/et_pb_image][\/et_pb_column][\/et_pb_row][et_pb_row column_structure=&#8220;1_2,1_2&#8243; admin_label=&#8220;Project 01&#8243; _builder_version=&#8220;3.25&#8243; background_size=&#8220;initial&#8220; background_position=&#8220;top_left&#8220; background_repeat=&#8220;repeat&#8220; custom_padding=&#8220;||0px|||&#8220;][et_pb_column type=&#8220;1_2&#8243; _builder_version=&#8220;3.25&#8243; custom_padding=&#8220;5%||5%|&#8220; custom_padding__hover=&#8220;|||&#8220;][et_pb_blurb title=&#8220;Heften&#8220; _builder_version=&#8220;4.6.1&#8243; header_font=&#8220;Montserrat|on|||&#8220; header_text_color=&#8220;#353740&#8243; header_font_size=&#8220;22px&#8220; header_line_height=&#8220;1.4em&#8220; body_font=&#8220;Montserrat||||&#8220; body_text_color=&#8220;#747d88&#8243; body_line_height=&#8220;1.8em&#8220; custom_margin=&#8220;-45px|||-29px||&#8220; custom_padding=&#8220;30px|30px|30px|30px&#8220; border_width_all=&#8220;0px&#8220; border_color_all=&#8220;#dddddd&#8220; border_style_all=&#8220;solid&#8220; use_border_color=&#8220;on&#8220; border_color=&#8220;#dddddd&#8220;]<\/p>\n<div class=\"clearfix\">\n<p><span>Die einfachste und zudem schnellste Art, Drucksachen als Brosch\u00fcre zu binden. F\u00fcr gr\u00f6ssere Auflagen ist sie auch die g\u00fcnstigste Art. Das Druckprodukt wird zusammengetragen, mit zwei Drahtklammern in der Mitte geheftet und mittig gefalzt. Die gew\u00fcnschte Seitenzahl muss auf vier Seiten aufgehen (4, 8, 16, \u2026) Empfohlen bis zu 64 Seiten (f\u00fcr gr\u00f6ssere Brosch\u00fcren empfehlen wir eine Klebe- oder Drahtbindung).<\/span><\/p>\n<\/div>\n<p>[\/et_pb_blurb][\/et_pb_column][et_pb_column type=&#8220;1_2&#8243; _builder_version=&#8220;3.25&#8243; custom_padding=&#8220;|||&#8220; custom_padding__hover=&#8220;|||&#8220;][et_pb_image src=&#8220;https:\/\/www.copy44.ch\/wp-content\/uploads\/2021\/07\/07-40-Heften.jpg&#8220; alt=&#8220;Heften&#8220; title_text=&#8220;Heften&#8220; align_tablet=&#8220;center&#8220; align_phone=&#8220;&#8220; align_last_edited=&#8220;on|desktop&#8220; _builder_version=&#8220;4.6.1&#8243; custom_padding=&#8220;41px|||||&#8220; animation_direction=&#8220;right&#8220;][\/et_pb_image][\/et_pb_column][\/et_pb_row][et_pb_row column_structure=&#8220;1_2,1_2&#8243; admin_label=&#8220;Project 01&#8243; _builder_version=&#8220;3.25&#8243; background_size=&#8220;initial&#8220; background_position=&#8220;top_left&#8220; background_repeat=&#8220;repeat&#8220; custom_padding=&#8220;0px||0px|||&#8220;][et_pb_column type=&#8220;1_2&#8243; _builder_version=&#8220;3.25&#8243; custom_padding=&#8220;5%||5%|&#8220; custom_padding__hover=&#8220;|||&#8220;][et_pb_blurb title=&#8220;Lochen&#8220; _builder_version=&#8220;4.6.1&#8243; header_font=&#8220;Montserrat|on|||&#8220; header_text_color=&#8220;#353740&#8243; header_font_size=&#8220;22px&#8220; header_line_height=&#8220;1.4em&#8220; body_font=&#8220;Montserrat||||&#8220; body_text_color=&#8220;#747d88&#8243; body_line_height=&#8220;1.8em&#8220; custom_margin=&#8220;-45px|||-29px||&#8220; custom_padding=&#8220;30px|30px|30px|30px&#8220; border_width_all=&#8220;0px&#8220; border_color_all=&#8220;#dddddd&#8220; border_style_all=&#8220;solid&#8220; use_border_color=&#8220;on&#8220; border_color=&#8220;#dddddd&#8220;]<\/p>\n<div class=\"clearfix\">\n<p><span>Um das Produkt aufzuh\u00e4ngen oder in Ihren Ordner einzuh\u00e4ngen, bohren wir Ihnen L\u00f6cher nach Ihren Angaben. Selbstverst\u00e4ndlich kennen wir die Standards f\u00fcr Ordner und sonstige Ordnungssysteme.<\/span><\/p>\n<\/div>\n<p>[\/et_pb_blurb][\/et_pb_column][et_pb_column type=&#8220;1_2&#8243; _builder_version=&#8220;3.25&#8243; custom_padding=&#8220;|||&#8220; custom_padding__hover=&#8220;|||&#8220;][et_pb_image src=&#8220;https:\/\/www.copy44.ch\/wp-content\/uploads\/2021\/07\/07-50-Lochen.jpg&#8220; alt=&#8220;Lochen&#8220; title_text=&#8220;Lochen&#8220; align_tablet=&#8220;center&#8220; align_phone=&#8220;&#8220; align_last_edited=&#8220;on|desktop&#8220; _builder_version=&#8220;4.6.1&#8243; custom_padding=&#8220;41px|||||&#8220; animation_direction=&#8220;right&#8220;][\/et_pb_image][\/et_pb_column][\/et_pb_row][et_pb_row column_structure=&#8220;1_2,1_2&#8243; admin_label=&#8220;Project 01&#8243; _builder_version=&#8220;3.25&#8243; background_size=&#8220;initial&#8220; background_position=&#8220;top_left&#8220; background_repeat=&#8220;repeat&#8220; custom_padding=&#8220;||0px|||&#8220;][et_pb_column type=&#8220;1_2&#8243; _builder_version=&#8220;3.25&#8243; custom_padding=&#8220;5%||5%|&#8220; custom_padding__hover=&#8220;|||&#8220;][et_pb_blurb title=&#8220;Laminieren&#8220; _builder_version=&#8220;4.6.1&#8243; header_font=&#8220;Montserrat|on|||&#8220; header_text_color=&#8220;#353740&#8243; header_font_size=&#8220;22px&#8220; header_line_height=&#8220;1.4em&#8220; body_font=&#8220;Montserrat||||&#8220; body_text_color=&#8220;#747d88&#8243; body_line_height=&#8220;1.8em&#8220; custom_margin=&#8220;-45px|||-29px||&#8220; custom_padding=&#8220;30px|30px|30px|30px&#8220; border_width_all=&#8220;0px&#8220; border_color_all=&#8220;#dddddd&#8220; border_style_all=&#8220;solid&#8220; use_border_color=&#8220;on&#8220; border_color=&#8220;#dddddd&#8220;]<\/p>\n<div class=\"clearfix\">\n<p><span>Wir laminieren f\u00fcr Sie in diversen Gr\u00f6ssen bis A3 matt oder gl\u00e4nzend Ihre zu sch\u00fctzenden Arbeiten. Wir laminieren auch Ihr Poster mit einer Kratz- und UV-sch\u00fctzenden Folie.<\/span><\/p>\n<\/div>\n<p>[\/et_pb_blurb][\/et_pb_column][et_pb_column type=&#8220;1_2&#8243; _builder_version=&#8220;3.25&#8243; custom_padding=&#8220;|||&#8220; custom_padding__hover=&#8220;|||&#8220;][et_pb_image src=&#8220;https:\/\/www.copy44.ch\/wp-content\/uploads\/2021\/07\/07-60-Laminieren.jpg&#8220; alt=&#8220;Laminieren&#8220; title_text=&#8220;Laminieren&#8220; align_tablet=&#8220;center&#8220; align_phone=&#8220;&#8220; align_last_edited=&#8220;on|desktop&#8220; _builder_version=&#8220;4.6.1&#8243; custom_padding=&#8220;41px|||||&#8220; animation_direction=&#8220;right&#8220;][\/et_pb_image][\/et_pb_column][\/et_pb_row][et_pb_row column_structure=&#8220;1_2,1_2&#8243; admin_label=&#8220;Project 01&#8243; _builder_version=&#8220;3.25&#8243; background_size=&#8220;initial&#8220; background_position=&#8220;top_left&#8220; background_repeat=&#8220;repeat&#8220; custom_padding=&#8220;||0px|||&#8220;][et_pb_column type=&#8220;1_2&#8243; _builder_version=&#8220;3.25&#8243; custom_padding=&#8220;5%||5%|&#8220; custom_padding__hover=&#8220;|||&#8220;][et_pb_blurb title=&#8220;Binden&#8220; _builder_version=&#8220;4.6.1&#8243; header_font=&#8220;Montserrat|on|||&#8220; header_text_color=&#8220;#353740&#8243; header_font_size=&#8220;22px&#8220; header_line_height=&#8220;1.4em&#8220; body_font=&#8220;Montserrat||||&#8220; body_text_color=&#8220;#747d88&#8243; body_line_height=&#8220;1.8em&#8220; custom_margin=&#8220;-45px|||-29px||&#8220; custom_padding=&#8220;30px|30px|30px|30px&#8220; border_width_all=&#8220;0px&#8220; border_color_all=&#8220;#dddddd&#8220; border_style_all=&#8220;solid&#8220; use_border_color=&#8220;on&#8220; border_color=&#8220;#dddddd&#8220;]<\/p>\n<div class=\"clearfix\">\n<div class=\"row\">\n<div class=\"clearfix\">\n<div class=\"accContent col\">\n<p><strong style=\"font-size: 17px;\">Klebebindung<br \/><\/strong>Alle Seiten werden im R\u00fccken zusammengeklebt und bei Bedarf auch geheftet und \u00fcber den R\u00fccken mit einem schwarzen Gewebeband gef\u00e4lzelt.<\/p>\n<p><strong>Verleimung (Block)<\/strong><br \/> Ihr Produkt wird auf einer Seite verleimt und kann als einzelne Seite herausgetrennt werden. Mit einer zus\u00e4tzlichen Lochung kann das Produkt auch aufgeh\u00e4ngt oder eingeordnet werden. Einsatzbeispiele: Notizbl\u00f6cke, Couponbl\u00f6cke, Postkartenbl\u00f6cke, Flyer.<\/p>\n<p><strong>Plastik-Bindung (GBC)<\/strong><br \/> Die einfache, schnelle und g\u00fcnstige Art, zwischen 10 und 100 Blatt zusammenzuhalten. Die typische Abschlussarbeitbindung: preiswert, unauff\u00e4llig und vor allem schnell zu fertigen. Praktisch, wenn man seine Arbeit auf den letzten Dr\u00fccker fertig bekommt.<\/p>\n<p><strong>Draht-Bindung<\/strong><br \/> Ebenfalls eine einfache Art, 10 bis 100 Blatt zusammenzuhalten (wie die GBC-Bindung), jedoch etwas \u00abprofessioneller\u00bb, daf\u00fcr best\u00e4ndiger und praktischer zum umbl\u00e4ttern.<\/p>\n<p><strong>Kalender-Bindung<\/strong><br \/> Die spezielle Kalenderbindung, mit Drahtspirale, Rundloch und Aufh\u00e4nger (in weiss, schwarz oder silbermetall), fertigen wir f\u00fcr Sie in den Formaten von A5 bis A3.<\/p>\n<div class=\"row\">\n<div class=\"col tiny-6 medium-4\"><\/div>\n<div class=\"col tiny-6 medium-4\"><\/div>\n<\/div>\n<\/div>\n<\/div>\n<\/div>\n<\/div>\n<p>[\/et_pb_blurb][\/et_pb_column][et_pb_column type=&#8220;1_2&#8243; _builder_version=&#8220;3.25&#8243; custom_padding=&#8220;|||&#8220; custom_padding__hover=&#8220;|||&#8220;][et_pb_image src=&#8220;https:\/\/www.copy44.ch\/wp-content\/uploads\/2021\/07\/07-90-Drahtbindung.jpg&#8220; alt=&#8220;Drahtbindung&#8220; title_text=&#8220;Drahtbindung&#8220; align_tablet=&#8220;center&#8220; align_phone=&#8220;&#8220; align_last_edited=&#8220;on|desktop&#8220; _builder_version=&#8220;4.6.1&#8243; custom_padding=&#8220;41px|||||&#8220; animation_direction=&#8220;right&#8220;][\/et_pb_image][\/et_pb_column][\/et_pb_row][et_pb_row column_structure=&#8220;1_2,1_2&#8243; admin_label=&#8220;Project 01&#8243; _builder_version=&#8220;3.25&#8243; background_size=&#8220;initial&#8220; background_position=&#8220;top_left&#8220; background_repeat=&#8220;repeat&#8220; custom_padding=&#8220;||0px|||&#8220;][et_pb_column type=&#8220;1_2&#8243; _builder_version=&#8220;3.25&#8243; custom_padding=&#8220;5%||5%|&#8220; custom_padding__hover=&#8220;|||&#8220;][et_pb_blurb title=&#8220;Bandieren&#8220; _builder_version=&#8220;4.6.1&#8243; header_font=&#8220;Montserrat|on|||&#8220; header_text_color=&#8220;#353740&#8243; header_font_size=&#8220;22px&#8220; header_line_height=&#8220;1.4em&#8220; body_font=&#8220;Montserrat||||&#8220; body_text_color=&#8220;#747d88&#8243; body_line_height=&#8220;1.8em&#8220; custom_margin=&#8220;-45px|||-29px||&#8220; custom_padding=&#8220;30px|30px|30px|30px&#8220; border_width_all=&#8220;0px&#8220; border_color_all=&#8220;#dddddd&#8220; border_style_all=&#8220;solid&#8220; use_border_color=&#8220;on&#8220; border_color=&#8220;#dddddd&#8220;]<\/p>\n<div class=\"clearfix\">\n<div class=\"row\">\n<div class=\"clearfix\">\n<div class=\"accContent col\">\n<p>Meistens werden Einzelbl\u00e4tter oder gebundene Druckprodukte zu einer bestimmten oder einer unbestimmten Anzahl abgez\u00e4hlt und gebunden. Hierbei wird ein schmaler Papierstreifen um das Produkt gezogen und an den Enden verleimt. Es soll die weitere Verarbeitung und das Handling erleichtern und kann ohne grosse M\u00fche abgerissen werden.<\/p>\n<div class=\"row\">\n<div class=\"col tiny-6 medium-4\"><\/div>\n<div class=\"col tiny-6 medium-4\"><\/div>\n<\/div>\n<\/div>\n<\/div>\n<\/div>\n<\/div>\n<p>[\/et_pb_blurb][\/et_pb_column][et_pb_column type=&#8220;1_2&#8243; _builder_version=&#8220;3.25&#8243; custom_padding=&#8220;|||&#8220; custom_padding__hover=&#8220;|||&#8220;][et_pb_image src=&#8220;https:\/\/www.copy44.ch\/wp-content\/uploads\/2021\/07\/07-95-Bandieren.jpg&#8220; alt=&#8220;Bandieren&#8220; title_text=&#8220;Bandieren&#8220; align_tablet=&#8220;center&#8220; align_phone=&#8220;&#8220; align_last_edited=&#8220;on|desktop&#8220; _builder_version=&#8220;4.6.1&#8243; custom_padding=&#8220;41px|||||&#8220; animation_direction=&#8220;right&#8220;][\/et_pb_image][\/et_pb_column][\/et_pb_row][\/et_pb_section]<\/p>\n","protected":false},"excerpt":{"rendered":"<p>Einen Stapel vom A3- auf das A4-Format zu schneiden, kann m\u00fchsam sein \u2013 aber nicht f\u00fcr Sie. Schliesslich sind wir hierf\u00fcr ausger\u00fcstet und k\u00f6nnen gr\u00f6sste Mengen auf das kleinste Format schneiden! Das Schneiden geschieht selbstverst\u00e4ndlich ohne Einbussen in Bezug auf Qualit\u00e4t und Pr\u00e4zision! Einfacher FalzEin Blatt wird gefalzt \u2013 entweder auf die H\u00e4lfte oder asymmetrisch. [&hellip;]<\/p>\n","protected":false},"author":1,"featured_media":0,"parent":0,"menu_order":0,"comment_status":"closed","ping_status":"closed","template":"","meta":{"_et_pb_use_builder":"on","_et_pb_old_content":"","_et_gb_content_width":"","footnotes":""},"class_list":["post-179","page","type-page","status-publish","hentry"],"_links":{"self":[{"href":"https:\/\/www.copy44.ch\/index.php\/wp-json\/wp\/v2\/pages\/179","targetHints":{"allow":["GET"]}}],"collection":[{"href":"https:\/\/www.copy44.ch\/index.php\/wp-json\/wp\/v2\/pages"}],"about":[{"href":"https:\/\/www.copy44.ch\/index.php\/wp-json\/wp\/v2\/types\/page"}],"author":[{"embeddable":true,"href":"https:\/\/www.copy44.ch\/index.php\/wp-json\/wp\/v2\/users\/1"}],"replies":[{"embeddable":true,"href":"https:\/\/www.copy44.ch\/index.php\/wp-json\/wp\/v2\/comments?post=179"}],"version-history":[{"count":24,"href":"https:\/\/www.copy44.ch\/index.php\/wp-json\/wp\/v2\/pages\/179\/revisions"}],"predecessor-version":[{"id":1073,"href":"https:\/\/www.copy44.ch\/index.php\/wp-json\/wp\/v2\/pages\/179\/revisions\/1073"}],"wp:attachment":[{"href":"https:\/\/www.copy44.ch\/index.php\/wp-json\/wp\/v2\/media?parent=179"}],"curies":[{"name":"wp","href":"https:\/\/api.w.org\/{rel}","templated":true}]}}