{"id":181,"date":"2021-06-01T09:56:44","date_gmt":"2021-06-01T07:56:44","guid":{"rendered":"https:\/\/www.copy44.ch\/?page_id=181"},"modified":"2021-10-12T17:15:18","modified_gmt":"2021-10-12T15:15:18","slug":"transferdruck","status":"publish","type":"page","link":"https:\/\/www.copy44.ch\/index.php\/transferdruck\/","title":{"rendered":"Transferdruck"},"content":{"rendered":"<p>[et_pb_section fb_built=&#8220;1&#8243; admin_label=&#8220;Hero&#8220; _builder_version=&#8220;4.6.1&#8243; background_enable_color=&#8220;off&#8220; background_image=&#8220;https:\/\/www.copy44.ch\/wp-content\/uploads\/2021\/10\/AdobeStock_170455070_low.jpg&#8220; height=&#8220;300px&#8220; custom_padding=&#8220;||40px|||&#8220; hover_enabled=&#8220;0&#8243; alt=&#8220;Transferdruck&#8220; title_text=&#8220;Transferdruck&#8220; sticky_enabled=&#8220;0&#8243;][et_pb_row _builder_version=&#8220;4.6.1&#8243; background_size=&#8220;initial&#8220; background_position=&#8220;top_left&#8220; background_repeat=&#8220;repeat&#8220; custom_padding=&#8220;0px|||||&#8220; animation_direction=&#8220;top&#8220;][et_pb_column type=&#8220;4_4&#8243; _builder_version=&#8220;3.25&#8243; custom_padding=&#8220;|||&#8220; custom_padding__hover=&#8220;|||&#8220;][et_pb_text _builder_version=&#8220;4.6.1&#8243; text_font=&#8220;||||||||&#8220; header_font=&#8220;Montserrat|700||on|||||dotted&#8220; header_text_color=&#8220;#353740&#8243; header_font_size=&#8220;60px&#8220; header_line_height=&#8220;1.3em&#8220; header_4_font=&#8220;Montserrat||||||||&#8220; header_4_font_size=&#8220;17px&#8220; header_4_line_height=&#8220;1.8em&#8220; background_size=&#8220;initial&#8220; background_position=&#8220;top_left&#8220; background_repeat=&#8220;repeat&#8220; custom_margin=&#8220;|||&#8220; custom_padding=&#8220;31px||0px|||&#8220; header_font_size_last_edited=&#8220;off|desktop&#8220; locked=&#8220;off&#8220;][\/et_pb_text][\/et_pb_column][\/et_pb_row][\/et_pb_section][et_pb_section fb_built=&#8220;1&#8243; admin_label=&#8220;Projects Section&#8220; _builder_version=&#8220;3.22&#8243; custom_margin=&#8220;|||&#8220; custom_padding=&#8220;50px||110px|||&#8220;][et_pb_row column_structure=&#8220;1_2,1_2&#8243; admin_label=&#8220;Project 01&#8243; _builder_version=&#8220;3.25&#8243; background_size=&#8220;initial&#8220; background_position=&#8220;top_left&#8220; background_repeat=&#8220;repeat&#8220; custom_padding=&#8220;0px||0px|||&#8220;][et_pb_column type=&#8220;1_2&#8243; _builder_version=&#8220;3.25&#8243; custom_padding=&#8220;5%||5%|&#8220; custom_padding__hover=&#8220;|||&#8220;][et_pb_blurb title=&#8220;Transfer- und Sublimationsdruck \u2013 das ideale Geschenk&#8220; _builder_version=&#8220;4.6.1&#8243; header_font=&#8220;Montserrat|on|||&#8220; header_text_color=&#8220;#353740&#8243; header_font_size=&#8220;22px&#8220; header_line_height=&#8220;1.4em&#8220; body_font=&#8220;Montserrat||||&#8220; body_text_color=&#8220;#747d88&#8243; body_line_height=&#8220;1.8em&#8220; custom_margin=&#8220;-45px||-53px|-29px||&#8220; custom_padding=&#8220;30px|30px|0px|30px||&#8220; border_width_all=&#8220;0px&#8220; border_color_all=&#8220;#dddddd&#8220; border_style_all=&#8220;solid&#8220; use_border_color=&#8220;on&#8220; border_color=&#8220;#dddddd&#8220;]<\/p>\n<p><span>Suchen Sie ein originelles Geschenk? Wir bedrucken f\u00fcr Sie farbig oder s\/w \u2013 direkt von Ihrer Vorlage (Fotos, Zeichnung usw.) oder Ihren Daten \u2013 die folgenden Produkte:<\/span><\/p>\n<p>[\/et_pb_blurb][\/et_pb_column][et_pb_column type=&#8220;1_2&#8243; _builder_version=&#8220;3.25&#8243; custom_padding=&#8220;|||&#8220; custom_padding__hover=&#8220;|||&#8220;][\/et_pb_column][\/et_pb_row][et_pb_row column_structure=&#8220;1_2,1_2&#8243; admin_label=&#8220;Project 01&#8243; _builder_version=&#8220;3.25&#8243; background_size=&#8220;initial&#8220; background_position=&#8220;top_left&#8220; background_repeat=&#8220;repeat&#8220; custom_padding=&#8220;||0px|||&#8220;][et_pb_column type=&#8220;1_2&#8243; _builder_version=&#8220;3.25&#8243; custom_padding=&#8220;5%||5%|&#8220; custom_padding__hover=&#8220;|||&#8220;][et_pb_blurb title=&#8220;Mausmatten&#8220; _builder_version=&#8220;4.6.1&#8243; header_font=&#8220;Montserrat|on|||&#8220; header_text_color=&#8220;#353740&#8243; header_font_size=&#8220;22px&#8220; header_line_height=&#8220;1.4em&#8220; body_font=&#8220;Montserrat||||&#8220; body_text_color=&#8220;#747d88&#8243; body_line_height=&#8220;1.8em&#8220; custom_margin=&#8220;-45px|||-29px||&#8220; custom_padding=&#8220;30px|30px|30px|30px&#8220; border_width_all=&#8220;0px&#8220; border_color_all=&#8220;#dddddd&#8220; border_style_all=&#8220;solid&#8220; use_border_color=&#8220;on&#8220; border_color=&#8220;#dddddd&#8220;]<\/p>\n<div class=\"clearfix\">\n<p><span>Von Ihrem Lieblingssujet erstellen wir Mausmatten in verschiedenen Formaten (eckig 19 x 23 cm oder 19 x 27 cm und rund \u00d8 20 cm).<\/span><\/p>\n<\/div>\n<p>[\/et_pb_blurb][\/et_pb_column][et_pb_column type=&#8220;1_2&#8243; _builder_version=&#8220;3.25&#8243; custom_padding=&#8220;|||&#8220; custom_padding__hover=&#8220;|||&#8220;][et_pb_image src=&#8220;https:\/\/www.copy44.ch\/wp-content\/uploads\/2021\/10\/Sublidruck6.jpg&#8220; alt=&#8220;Schneiden&#8220; title_text=&#8220;Sublidruck6&#8243; align_tablet=&#8220;center&#8220; align_phone=&#8220;&#8220; align_last_edited=&#8220;on|desktop&#8220; _builder_version=&#8220;4.6.1&#8243; custom_padding=&#8220;41px|||||&#8220; animation_direction=&#8220;right&#8220;][\/et_pb_image][\/et_pb_column][\/et_pb_row][et_pb_row column_structure=&#8220;1_2,1_2&#8243; admin_label=&#8220;Project 01&#8243; _builder_version=&#8220;3.25&#8243; background_size=&#8220;initial&#8220; background_position=&#8220;top_left&#8220; background_repeat=&#8220;repeat&#8220; custom_padding=&#8220;||0px|||&#8220;][et_pb_column type=&#8220;1_2&#8243; _builder_version=&#8220;3.25&#8243; custom_padding=&#8220;5%||5%|&#8220; custom_padding__hover=&#8220;|||&#8220;][et_pb_blurb title=&#8220;Kissen (quadratisch oder herzf\u00f6rmig)&#8220; _builder_version=&#8220;4.6.1&#8243; header_font=&#8220;Montserrat|on|||&#8220; header_text_color=&#8220;#353740&#8243; header_font_size=&#8220;22px&#8220; header_line_height=&#8220;1.4em&#8220; body_font=&#8220;Montserrat||||&#8220; body_text_color=&#8220;#747d88&#8243; body_line_height=&#8220;1.8em&#8220; custom_margin=&#8220;-45px|||-29px||&#8220; custom_padding=&#8220;30px|30px|30px|30px&#8220; border_width_all=&#8220;0px&#8220; border_color_all=&#8220;#dddddd&#8220; border_style_all=&#8220;solid&#8220; use_border_color=&#8220;on&#8220; border_color=&#8220;#dddddd&#8220;]<\/p>\n<div class=\"clearfix\">\n<p>Einseitig oder zweiseitig bedrucken wir Ihnen auch Kissen in Quadratform (40 x 40 cm) oder Herzform (ca. 30 x 25 cm).<\/p>\n<\/div>\n<p>[\/et_pb_blurb][\/et_pb_column][et_pb_column type=&#8220;1_2&#8243; _builder_version=&#8220;3.25&#8243; custom_padding=&#8220;|||&#8220; custom_padding__hover=&#8220;|||&#8220;][et_pb_image src=&#8220;https:\/\/www.copy44.ch\/wp-content\/uploads\/2021\/10\/Sublidruck3.jpg&#8220; alt=&#8220;Schneiden&#8220; title_text=&#8220;Sublidruck3&#8243; align_tablet=&#8220;center&#8220; align_phone=&#8220;&#8220; align_last_edited=&#8220;on|desktop&#8220; _builder_version=&#8220;4.6.1&#8243; custom_padding=&#8220;41px|||||&#8220; animation_direction=&#8220;right&#8220;][\/et_pb_image][\/et_pb_column][\/et_pb_row][et_pb_row column_structure=&#8220;1_2,1_2&#8243; admin_label=&#8220;Project 01&#8243; _builder_version=&#8220;3.25&#8243; background_size=&#8220;initial&#8220; background_position=&#8220;top_left&#8220; background_repeat=&#8220;repeat&#8220; custom_padding=&#8220;||0px|||&#8220;][et_pb_column type=&#8220;1_2&#8243; _builder_version=&#8220;3.25&#8243; custom_padding=&#8220;5%||5%|&#8220; custom_padding__hover=&#8220;|||&#8220;][et_pb_blurb title=&#8220;T-Shirts (Kurzarm, 100% Baumwolle, weiss)&#8220; _builder_version=&#8220;4.6.1&#8243; header_font=&#8220;Montserrat|on|||&#8220; header_text_color=&#8220;#353740&#8243; header_font_size=&#8220;22px&#8220; header_line_height=&#8220;1.4em&#8220; body_font=&#8220;Montserrat||||&#8220; body_text_color=&#8220;#747d88&#8243; body_line_height=&#8220;1.8em&#8220; custom_margin=&#8220;-45px|||-29px||&#8220; custom_padding=&#8220;30px|30px|30px|30px&#8220; border_width_all=&#8220;0px&#8220; border_color_all=&#8220;#dddddd&#8220; border_style_all=&#8220;solid&#8220; use_border_color=&#8220;on&#8220; border_color=&#8220;#dddddd&#8220;]<\/p>\n<div class=\"clearfix\">\n<p><span>F\u00fcr spezielle Anl\u00e4sse oder als Geschenk bedrucken wir, farbig oder schwarz, weisse Kurzarm-T-Shirts (in den Gr\u00f6ssen S,M,L,XL uns XXL) vorne und auch hinten, je nach Ihren W\u00fcnschen und Vorstellungen.<\/span><\/p>\n<\/div>\n<p>[\/et_pb_blurb][\/et_pb_column][et_pb_column type=&#8220;1_2&#8243; _builder_version=&#8220;3.25&#8243; custom_padding=&#8220;|||&#8220; custom_padding__hover=&#8220;|||&#8220;][et_pb_image src=&#8220;https:\/\/www.copy44.ch\/wp-content\/uploads\/2021\/10\/Sublidruck5.jpg&#8220; alt=&#8220;Schneiden&#8220; title_text=&#8220;Sublidruck5&#8243; align_tablet=&#8220;center&#8220; align_phone=&#8220;&#8220; align_last_edited=&#8220;on|desktop&#8220; _builder_version=&#8220;4.6.1&#8243; custom_padding=&#8220;41px|||||&#8220; animation_direction=&#8220;right&#8220;][\/et_pb_image][\/et_pb_column][\/et_pb_row][et_pb_row column_structure=&#8220;1_2,1_2&#8243; admin_label=&#8220;Project 01&#8243; _builder_version=&#8220;3.25&#8243; background_size=&#8220;initial&#8220; background_position=&#8220;top_left&#8220; background_repeat=&#8220;repeat&#8220; custom_padding=&#8220;||0px|||&#8220;][et_pb_column type=&#8220;1_2&#8243; _builder_version=&#8220;3.25&#8243; custom_padding=&#8220;5%||5%|&#8220; custom_padding__hover=&#8220;|||&#8220;][et_pb_blurb title=&#8220;Stofftaschen 30 x 40mm&#8220; _builder_version=&#8220;4.6.1&#8243; header_font=&#8220;Montserrat|on|||&#8220; header_text_color=&#8220;#353740&#8243; header_font_size=&#8220;22px&#8220; header_line_height=&#8220;1.4em&#8220; body_font=&#8220;Montserrat||||&#8220; body_text_color=&#8220;#747d88&#8243; body_line_height=&#8220;1.8em&#8220; custom_margin=&#8220;-45px|||-29px||&#8220; custom_padding=&#8220;30px|30px|30px|30px&#8220; border_width_all=&#8220;0px&#8220; border_color_all=&#8220;#dddddd&#8220; border_style_all=&#8220;solid&#8220; use_border_color=&#8220;on&#8220; border_color=&#8220;#dddddd&#8220;]<\/p>\n<div class=\"clearfix\">\n<p><span>Stofftaschen 35 x 40 cm aus 100% Baumwolle mit eigenem Sujet und- oder Text bedrucken lassen. Individuell unterwegs sein.<\/span><\/p>\n<\/div>\n<p>[\/et_pb_blurb][\/et_pb_column][et_pb_column type=&#8220;1_2&#8243; _builder_version=&#8220;3.25&#8243; custom_padding=&#8220;|||&#8220; custom_padding__hover=&#8220;|||&#8220;][et_pb_image src=&#8220;https:\/\/www.copy44.ch\/wp-content\/uploads\/2021\/10\/Sublidruck4.jpg&#8220; alt=&#8220;Schneiden&#8220; title_text=&#8220;Sublidruck4&#8243; align_tablet=&#8220;center&#8220; align_phone=&#8220;&#8220; align_last_edited=&#8220;on|desktop&#8220; _builder_version=&#8220;4.6.1&#8243; custom_padding=&#8220;41px|||||&#8220; animation_direction=&#8220;right&#8220;][\/et_pb_image][\/et_pb_column][\/et_pb_row][et_pb_row column_structure=&#8220;1_2,1_2&#8243; admin_label=&#8220;Project 01&#8243; _builder_version=&#8220;3.25&#8243; background_size=&#8220;initial&#8220; background_position=&#8220;top_left&#8220; background_repeat=&#8220;repeat&#8220; custom_padding=&#8220;||0px|||&#8220;][et_pb_column type=&#8220;1_2&#8243; _builder_version=&#8220;3.25&#8243; custom_padding=&#8220;5%||5%|&#8220; custom_padding__hover=&#8220;|||&#8220;][et_pb_blurb title=&#8220;Tassen in Weiss\/ Silber\/Gold und Thermo&#8220; _builder_version=&#8220;4.6.1&#8243; header_font=&#8220;Montserrat|on|||&#8220; header_text_color=&#8220;#353740&#8243; header_font_size=&#8220;22px&#8220; header_line_height=&#8220;1.4em&#8220; body_font=&#8220;Montserrat||||&#8220; body_text_color=&#8220;#747d88&#8243; body_line_height=&#8220;1.8em&#8220; custom_margin=&#8220;-45px|||-29px||&#8220; custom_padding=&#8220;30px|30px|30px|30px&#8220; border_width_all=&#8220;0px&#8220; border_color_all=&#8220;#dddddd&#8220; border_style_all=&#8220;solid&#8220; use_border_color=&#8220;on&#8220; border_color=&#8220;#dddddd&#8220;]<\/p>\n<div class=\"clearfix\">\n<p class=\"p1\">(Bild wird durch w\u00e4rme sichtbar)<\/p>\n<\/div>\n<p>[\/et_pb_blurb][\/et_pb_column][et_pb_column type=&#8220;1_2&#8243; _builder_version=&#8220;3.25&#8243; custom_padding=&#8220;|||&#8220; custom_padding__hover=&#8220;|||&#8220;][et_pb_image src=&#8220;https:\/\/www.copy44.ch\/wp-content\/uploads\/2021\/10\/Sublidruck6-1.jpg&#8220; alt=&#8220;Schneiden&#8220; title_text=&#8220;Sublidruck6&#8243; align_tablet=&#8220;center&#8220; align_phone=&#8220;&#8220; align_last_edited=&#8220;on|desktop&#8220; _builder_version=&#8220;4.6.1&#8243; custom_padding=&#8220;41px|||||&#8220; animation_direction=&#8220;right&#8220;][\/et_pb_image][\/et_pb_column][\/et_pb_row][et_pb_row column_structure=&#8220;1_2,1_2&#8243; admin_label=&#8220;Project 01&#8243; _builder_version=&#8220;3.25&#8243; background_size=&#8220;initial&#8220; background_position=&#8220;top_left&#8220; background_repeat=&#8220;repeat&#8220; custom_padding=&#8220;||0px|||&#8220;][et_pb_column type=&#8220;1_2&#8243; _builder_version=&#8220;3.25&#8243; custom_padding=&#8220;5%||5%|&#8220; custom_padding__hover=&#8220;|||&#8220;][et_pb_blurb title=&#8220;K\u00e4sseli rund&#8220; _builder_version=&#8220;4.6.1&#8243; header_font=&#8220;Montserrat|on|||&#8220; header_text_color=&#8220;#353740&#8243; header_font_size=&#8220;22px&#8220; header_line_height=&#8220;1.4em&#8220; body_font=&#8220;Montserrat||||&#8220; body_text_color=&#8220;#747d88&#8243; body_line_height=&#8220;1.8em&#8220; custom_margin=&#8220;-45px|||-29px||&#8220; custom_padding=&#8220;30px|30px|30px|30px&#8220; border_width_all=&#8220;0px&#8220; border_color_all=&#8220;#dddddd&#8220; border_style_all=&#8220;solid&#8220; use_border_color=&#8220;on&#8220; border_color=&#8220;#dddddd&#8220;]<\/p>\n<div class=\"clearfix\">\n<p><span>Verschenken Sie ein grossartiges Accessoire aus Porzellan f\u00fcr Geldgeschenke. Mit eigenem Foto und- oder Text bedrucken lassen.<\/span><\/p>\n<\/div>\n<p>[\/et_pb_blurb][\/et_pb_column][et_pb_column type=&#8220;1_2&#8243; _builder_version=&#8220;3.25&#8243; custom_padding=&#8220;|||&#8220; custom_padding__hover=&#8220;|||&#8220;][et_pb_image src=&#8220;https:\/\/www.copy44.ch\/wp-content\/uploads\/2021\/10\/Sublidruck2.jpg&#8220; alt=&#8220;Schneiden&#8220; title_text=&#8220;Sublidruck2&#8243; align_tablet=&#8220;center&#8220; align_phone=&#8220;&#8220; align_last_edited=&#8220;on|desktop&#8220; _builder_version=&#8220;4.6.1&#8243; custom_padding=&#8220;41px|||||&#8220; animation_direction=&#8220;right&#8220;][\/et_pb_image][\/et_pb_column][\/et_pb_row][\/et_pb_section]<\/p>\n","protected":false},"excerpt":{"rendered":"<p>Suchen Sie ein originelles Geschenk? Wir bedrucken f\u00fcr Sie farbig oder s\/w \u2013 direkt von Ihrer Vorlage (Fotos, Zeichnung usw.) oder Ihren Daten \u2013 die folgenden Produkte: Von Ihrem Lieblingssujet erstellen wir Mausmatten in verschiedenen Formaten (eckig 19 x 23 cm oder 19 x 27 cm und rund \u00d8 20 cm). Einseitig oder zweiseitig bedrucken [&hellip;]<\/p>\n","protected":false},"author":1,"featured_media":0,"parent":0,"menu_order":0,"comment_status":"closed","ping_status":"closed","template":"","meta":{"_et_pb_use_builder":"on","_et_pb_old_content":"","_et_gb_content_width":"","footnotes":""},"class_list":["post-181","page","type-page","status-publish","hentry"],"_links":{"self":[{"href":"https:\/\/www.copy44.ch\/index.php\/wp-json\/wp\/v2\/pages\/181","targetHints":{"allow":["GET"]}}],"collection":[{"href":"https:\/\/www.copy44.ch\/index.php\/wp-json\/wp\/v2\/pages"}],"about":[{"href":"https:\/\/www.copy44.ch\/index.php\/wp-json\/wp\/v2\/types\/page"}],"author":[{"embeddable":true,"href":"https:\/\/www.copy44.ch\/index.php\/wp-json\/wp\/v2\/users\/1"}],"replies":[{"embeddable":true,"href":"https:\/\/www.copy44.ch\/index.php\/wp-json\/wp\/v2\/comments?post=181"}],"version-history":[{"count":46,"href":"https:\/\/www.copy44.ch\/index.php\/wp-json\/wp\/v2\/pages\/181\/revisions"}],"predecessor-version":[{"id":1077,"href":"https:\/\/www.copy44.ch\/index.php\/wp-json\/wp\/v2\/pages\/181\/revisions\/1077"}],"wp:attachment":[{"href":"https:\/\/www.copy44.ch\/index.php\/wp-json\/wp\/v2\/media?parent=181"}],"curies":[{"name":"wp","href":"https:\/\/api.w.org\/{rel}","templated":true}]}}