{"id":182,"date":"2021-06-01T09:56:44","date_gmt":"2021-06-01T07:56:44","guid":{"rendered":"https:\/\/www.copy44.ch\/?page_id=182"},"modified":"2021-10-12T17:15:56","modified_gmt":"2021-10-12T15:15:56","slug":"grafik-2","status":"publish","type":"page","link":"https:\/\/www.copy44.ch\/index.php\/grafik-2\/","title":{"rendered":"Grafik"},"content":{"rendered":"<p>[et_pb_section fb_built=&#8220;1&#8243; admin_label=&#8220;Hero&#8220; _builder_version=&#8220;4.6.1&#8243; background_enable_color=&#8220;off&#8220; background_image=&#8220;https:\/\/www.copy44.ch\/wp-content\/uploads\/2021\/10\/AdobeStock_4225729_low.jpg&#8220; background_position=&#8220;bottom_center&#8220; height=&#8220;300px&#8220; custom_padding=&#8220;||40px|||&#8220; hover_enabled=&#8220;0&#8243; alt=&#8220;Grafik&#8220; title_text=&#8220;Grafik&#8220; sticky_enabled=&#8220;0&#8243;][et_pb_row _builder_version=&#8220;4.6.1&#8243; background_size=&#8220;initial&#8220; background_position=&#8220;top_left&#8220; background_repeat=&#8220;repeat&#8220; custom_padding=&#8220;0px|||||&#8220; animation_direction=&#8220;top&#8220;][et_pb_column type=&#8220;4_4&#8243; _builder_version=&#8220;3.25&#8243; custom_padding=&#8220;|||&#8220; custom_padding__hover=&#8220;|||&#8220;][et_pb_text _builder_version=&#8220;4.6.1&#8243; text_font=&#8220;||||||||&#8220; header_font=&#8220;Montserrat|700||on|||||dotted&#8220; header_text_color=&#8220;#353740&#8243; header_font_size=&#8220;60px&#8220; header_line_height=&#8220;1.3em&#8220; header_4_font=&#8220;Montserrat||||||||&#8220; header_4_font_size=&#8220;17px&#8220; header_4_line_height=&#8220;1.8em&#8220; background_size=&#8220;initial&#8220; background_position=&#8220;top_left&#8220; background_repeat=&#8220;repeat&#8220; custom_margin=&#8220;|||&#8220; custom_padding=&#8220;31px||0px|||&#8220; header_font_size_last_edited=&#8220;off|desktop&#8220; locked=&#8220;off&#8220;][\/et_pb_text][\/et_pb_column][\/et_pb_row][\/et_pb_section][et_pb_section fb_built=&#8220;1&#8243; admin_label=&#8220;Projects Section&#8220; _builder_version=&#8220;3.22&#8243; custom_margin=&#8220;|||&#8220; custom_padding=&#8220;50px||110px|||&#8220;][et_pb_row column_structure=&#8220;1_2,1_2&#8243; admin_label=&#8220;Project 01&#8243; _builder_version=&#8220;3.25&#8243; background_size=&#8220;initial&#8220; background_position=&#8220;top_left&#8220; background_repeat=&#8220;repeat&#8220; custom_padding=&#8220;0px||0px|||&#8220;][et_pb_column type=&#8220;1_2&#8243; _builder_version=&#8220;3.25&#8243; custom_padding=&#8220;5%||5%|&#8220; custom_padding__hover=&#8220;|||&#8220;][et_pb_blurb title=&#8220;Gestaltung und Grafik&#8220; _builder_version=&#8220;4.6.1&#8243; header_font=&#8220;Montserrat|on|||&#8220; header_text_color=&#8220;#353740&#8243; header_font_size=&#8220;22px&#8220; header_line_height=&#8220;1.4em&#8220; body_font=&#8220;Montserrat||||&#8220; body_text_color=&#8220;#747d88&#8243; body_line_height=&#8220;1.8em&#8220; custom_margin=&#8220;-45px|||-29px||&#8220; custom_padding=&#8220;30px|30px|30px|30px&#8220; border_width_all=&#8220;0px&#8220; border_color_all=&#8220;#dddddd&#8220; border_style_all=&#8220;solid&#8220; use_border_color=&#8220;on&#8220; border_color=&#8220;#dddddd&#8220;]<\/p>\n<p>F\u00fcr Sie gestalten wir gerne:<\/p>\n<ul>\n<li>Ihre Gesch\u00e4fts-, Privat- oder Vereinsdrucksachen<\/li>\n<li>Ihr Inserat, Plakat, Brosch\u00fcre oder Flyer<\/li>\n<li>Ihre Heirats- und Geburtskarten<\/li>\n<li>Ihre Trauerformulare<\/li>\n<li>Ihre Dankeskarten<\/li>\n<li>Ihr Logo usw.<\/li>\n<\/ul>\n<p><strong>\u00dcbernahme von Daten<\/strong><br \/> Wir \u00fcbernehmen Ihre Daten von nahezu allen g\u00e4ngigen B\u00fcro-, Desktop- und Illustrationsprogrammen unter Windows.<\/p>\n<p><strong>Wir sichern Ihre Daten<\/strong><br \/> Alle Ihre Daten werden bei uns kostenlos gespeichert und f\u00fcr Sie verwaltet.\u00a0Wenn Sie z.B. f\u00fcr Ihre Internetseite oder den Mailversand Ihr Logo ben\u00f6tigen, k\u00f6nnen wir Ihnen die entsprechende Datei ebenfalls in K\u00fcrze liefern.<\/p>\n<p>Nach der Freigabe vom Gut zum Druck sind wir f\u00fcr Schreibfehler nicht mehr haftbar zu machen.<\/p>\n<p>[\/et_pb_blurb][\/et_pb_column][et_pb_column type=&#8220;1_2&#8243; _builder_version=&#8220;3.25&#8243; custom_padding=&#8220;|||&#8220; custom_padding__hover=&#8220;|||&#8220;][et_pb_image src=&#8220;https:\/\/www.copy44.ch\/wp-content\/uploads\/2021\/10\/Grafik-1-scaled.jpg&#8220; alt=&#8220;Grafik&#8220; title_text=&#8220;Grafik&#8220; _builder_version=&#8220;4.6.1&#8243; _module_preset=&#8220;default&#8220; min_height=&#8220;331.3px&#8220; custom_padding=&#8220;41px|||||&#8220;][\/et_pb_image][\/et_pb_column][\/et_pb_row][\/et_pb_section]<\/p>\n","protected":false},"excerpt":{"rendered":"<p>F\u00fcr Sie gestalten wir gerne: Ihre Gesch\u00e4fts-, Privat- oder Vereinsdrucksachen Ihr Inserat, Plakat, Brosch\u00fcre oder Flyer Ihre Heirats- und Geburtskarten Ihre Trauerformulare Ihre Dankeskarten Ihr Logo usw. \u00dcbernahme von Daten Wir \u00fcbernehmen Ihre Daten von nahezu allen g\u00e4ngigen B\u00fcro-, Desktop- und Illustrationsprogrammen unter Windows. Wir sichern Ihre Daten Alle Ihre Daten werden bei uns kostenlos [&hellip;]<\/p>\n","protected":false},"author":1,"featured_media":0,"parent":0,"menu_order":0,"comment_status":"closed","ping_status":"closed","template":"","meta":{"_et_pb_use_builder":"on","_et_pb_old_content":"","_et_gb_content_width":"","footnotes":""},"class_list":["post-182","page","type-page","status-publish","hentry"],"_links":{"self":[{"href":"https:\/\/www.copy44.ch\/index.php\/wp-json\/wp\/v2\/pages\/182","targetHints":{"allow":["GET"]}}],"collection":[{"href":"https:\/\/www.copy44.ch\/index.php\/wp-json\/wp\/v2\/pages"}],"about":[{"href":"https:\/\/www.copy44.ch\/index.php\/wp-json\/wp\/v2\/types\/page"}],"author":[{"embeddable":true,"href":"https:\/\/www.copy44.ch\/index.php\/wp-json\/wp\/v2\/users\/1"}],"replies":[{"embeddable":true,"href":"https:\/\/www.copy44.ch\/index.php\/wp-json\/wp\/v2\/comments?post=182"}],"version-history":[{"count":21,"href":"https:\/\/www.copy44.ch\/index.php\/wp-json\/wp\/v2\/pages\/182\/revisions"}],"predecessor-version":[{"id":1079,"href":"https:\/\/www.copy44.ch\/index.php\/wp-json\/wp\/v2\/pages\/182\/revisions\/1079"}],"wp:attachment":[{"href":"https:\/\/www.copy44.ch\/index.php\/wp-json\/wp\/v2\/media?parent=182"}],"curies":[{"name":"wp","href":"https:\/\/api.w.org\/{rel}","templated":true}]}}